{"id":1732,"date":"2026-03-30T13:29:32","date_gmt":"2026-03-30T13:29:32","guid":{"rendered":"https:\/\/somosfamilygroup.com\/?page_id=1732"},"modified":"2026-04-06T12:54:13","modified_gmt":"2026-04-06T12:54:13","slug":"nosotros","status":"publish","type":"page","link":"https:\/\/somosfamilygroup.com\/?page_id=1732","title":{"rendered":"Nuestros Agentes Opinan"},"content":{"rendered":"<p>[et_pb_section fb_built=\u00bb1&#8243; _builder_version=\u00bb4.15.1&#8243; _module_preset=\u00bbdefault\u00bb custom_padding=\u00bb24px||12px|||\u00bb animation_style=\u00bbfade\u00bb global_colors_info=\u00bb{}\u00bb][et_pb_row _builder_version=\u00bb4.15.1&#8243; _module_preset=\u00bbdefault\u00bb custom_padding=\u00bb||0px|||\u00bb global_colors_info=\u00bb{}\u00bb][et_pb_column type=\u00bb4_4&#8243; _builder_version=\u00bb4.15.1&#8243; _module_preset=\u00bbdefault\u00bb global_colors_info=\u00bb{}\u00bb][et_pb_text _builder_version=\u00bb4.15.1&#8243; _module_preset=\u00bbdefault\u00bb header_font=\u00bbRoboto|900|||||||\u00bb header_text_color=\u00bb#1e375e\u00bb header_font_size=\u00bb72px\u00bb header_3_font=\u00bbRoboto|300|||||||\u00bb header_3_font_size=\u00bb23px\u00bb header_4_font=\u00bbRoboto|500|||||||\u00bb header_4_font_size=\u00bb23px\u00bb header_4_line_height=\u00bb1.4em\u00bb custom_margin=\u00bb||18px|||\u00bb global_colors_info=\u00bb{}\u00bb]<\/p>\n<h1 style=\"text-align: center;\">M\u00e1s que un equipo, somos Family Group.<\/h1>\n<h4 style=\"text-align: center;\">Nuestra fuerza no reside solo en lo que hacemos, sino en c\u00f3mo convivimos. Construimos un entorno de confianza y apoyo mutuo donde cada talento se siente en casa.<\/h4>\n<p>[\/et_pb_text][et_pb_divider color=\u00bb#ff6c4f\u00bb divider_weight=\u00bb5px\u00bb _builder_version=\u00bb4.15.1&#8243; _module_preset=\u00bbdefault\u00bb max_width=\u00bb65%\u00bb module_alignment=\u00bbcenter\u00bb global_colors_info=\u00bb{}\u00bb][\/et_pb_divider][\/et_pb_column][\/et_pb_row][\/et_pb_section][et_pb_section fb_built=\u00bb1&#8243; specialty=\u00bbon\u00bb _builder_version=\u00bb4.15.1&#8243; _module_preset=\u00bbdefault\u00bb animation_style=\u00bbfade\u00bb global_colors_info=\u00bb{}\u00bb][et_pb_column type=\u00bb1_4&#8243; _builder_version=\u00bb4.15&#8243; custom_padding=\u00bb|||\u00bb global_colors_info=\u00bb{}\u00bb custom_padding__hover=\u00bb|||\u00bb][et_pb_divider show_divider=\u00bboff\u00bb disabled_on=\u00bbon|on|off\u00bb _builder_version=\u00bb4.15.1&#8243; _module_preset=\u00bbdefault\u00bb custom_margin=\u00bb269px||||false|false\u00bb global_colors_info=\u00bb{}\u00bb][\/et_pb_divider][et_pb_text _builder_version=\u00bb4.15.1&#8243; _module_preset=\u00bbdefault\u00bb header_font=\u00bbRoboto|900|||||||\u00bb header_text_color=\u00bb#1e375e\u00bb header_font_size=\u00bb36px\u00bb header_3_font=\u00bbRoboto|300|||||||\u00bb header_4_font=\u00bbRoboto|500|||||||\u00bb header_4_font_size=\u00bb20px\u00bb header_4_line_height=\u00bb1.4em\u00bb width=\u00bb100%\u00bb custom_margin=\u00bb||18px|||\u00bb custom_padding=\u00bb|0px||||\u00bb global_colors_info=\u00bb{}\u00bb]<\/p>\n<h1 style=\"text-align: center;\">M\u00e1s que un Equipo, una familia<\/h1>\n<h4 style=\"text-align: center;\">No solo compartimos proyectos, compartimos metas y experiencias. En nuestra empresa, la convivencia va m\u00e1s all\u00e1 de la oficina; construimos v\u00ednculos s\u00f3lidos que nos permiten innovar con confianza y celebrar cada logro como una familia profesional.<\/h4>\n<p>[\/et_pb_text][\/et_pb_column][et_pb_column type=\u00bb3_4&#8243; specialty_columns=\u00bb3&#8243; _builder_version=\u00bb4.15&#8243; custom_padding=\u00bb|||\u00bb global_colors_info=\u00bb{}\u00bb custom_padding__hover=\u00bb|||\u00bb][et_pb_row_inner column_structure=\u00bb1_2,1_2&#8243; _builder_version=\u00bb4.15.1&#8243; _module_preset=\u00bbdefault\u00bb global_colors_info=\u00bb{}\u00bb][et_pb_column_inner type=\u00bb1_2&#8243; saved_specialty_column_type=\u00bb3_4&#8243; _builder_version=\u00bb4.15.1&#8243; _module_preset=\u00bbdefault\u00bb global_colors_info=\u00bb{}\u00bb][et_pb_image src=\u00bbhttp:\/\/somosfamilygroup.com\/wp-content\/uploads\/2026\/03\/20251022_142010-scaled.jpg\u00bb title_text=\u00bb20251022_142010&#8243; _builder_version=\u00bb4.15.1&#8243; _module_preset=\u00bbdefault\u00bb global_colors_info=\u00bb{}\u00bb][\/et_pb_image][et_pb_image src=\u00bbhttp:\/\/somosfamilygroup.com\/wp-content\/uploads\/2026\/03\/t1.png\u00bb title_text=\u00bbt1&#8243; admin_label=\u00bbImagen\u00bb _builder_version=\u00bb4.15.1&#8243; _module_preset=\u00bbdefault\u00bb global_colors_info=\u00bb{}\u00bb][\/et_pb_image][\/et_pb_column_inner][et_pb_column_inner type=\u00bb1_2&#8243; saved_specialty_column_type=\u00bb3_4&#8243; _builder_version=\u00bb4.15.1&#8243; _module_preset=\u00bbdefault\u00bb global_colors_info=\u00bb{}\u00bb][et_pb_image src=\u00bbhttp:\/\/somosfamilygroup.com\/wp-content\/uploads\/2026\/03\/20250930_121142-scaled.jpg\u00bb title_text=\u00bb20250930_121142&#8243; _builder_version=\u00bb4.15.1&#8243; _module_preset=\u00bbdefault\u00bb global_colors_info=\u00bb{}\u00bb][\/et_pb_image][et_pb_image src=\u00bbhttp:\/\/somosfamilygroup.com\/wp-content\/uploads\/2026\/03\/t2-1.png\u00bb title_text=\u00bbt2 (1)\u00bb _builder_version=\u00bb4.15.1&#8243; _module_preset=\u00bbdefault\u00bb global_colors_info=\u00bb{}\u00bb][\/et_pb_image][\/et_pb_column_inner][\/et_pb_row_inner][\/et_pb_column][\/et_pb_section][et_pb_section fb_built=\u00bb1&#8243; specialty=\u00bbon\u00bb _builder_version=\u00bb4.15.1&#8243; _module_preset=\u00bbdefault\u00bb animation_style=\u00bbfade\u00bb global_colors_info=\u00bb{}\u00bb][et_pb_column type=\u00bb2_3&#8243; specialty_columns=\u00bb2&#8243; _builder_version=\u00bb4.15&#8243; custom_padding=\u00bb|||\u00bb global_colors_info=\u00bb{}\u00bb custom_padding__hover=\u00bb|||\u00bb][et_pb_row_inner _builder_version=\u00bb4.15.1&#8243; _module_preset=\u00bbdefault\u00bb global_colors_info=\u00bb{}\u00bb][et_pb_column_inner saved_specialty_column_type=\u00bb2_3&#8243; _builder_version=\u00bb4.15.1&#8243; _module_preset=\u00bbdefault\u00bb global_colors_info=\u00bb{}\u00bb][et_pb_divider show_divider=\u00bboff\u00bb _builder_version=\u00bb4.15.1&#8243; _module_preset=\u00bbdefault\u00bb global_colors_info=\u00bb{}\u00bb][\/et_pb_divider][\/et_pb_column_inner][\/et_pb_row_inner][et_pb_row_inner _builder_version=\u00bb4.15.1&#8243; _module_preset=\u00bbdefault\u00bb min_height=\u00bb194.3px\u00bb custom_margin=\u00bb||-45px||false|false\u00bb global_colors_info=\u00bb{}\u00bb][et_pb_column_inner saved_specialty_column_type=\u00bb2_3&#8243; _builder_version=\u00bb4.15.1&#8243; _module_preset=\u00bbdefault\u00bb global_colors_info=\u00bb{}\u00bb][et_pb_text _builder_version=\u00bb4.15.1&#8243; _module_preset=\u00bbdefault\u00bb header_font=\u00bbRoboto|900|||||||\u00bb header_text_color=\u00bb#1e375e\u00bb header_font_size=\u00bb36px\u00bb header_3_font=\u00bbRoboto|300|||||||\u00bb header_4_font=\u00bbRoboto|300|||||||\u00bb header_4_line_height=\u00bb1.4em\u00bb custom_margin=\u00bb||18px|||\u00bb global_colors_info=\u00bb{}\u00bb]<\/p>\n<h1 style=\"text-align: center;\">El Motor de Nuestra Innovaci\u00f3n: El Equipo<\/h1>\n<h4 style=\"text-align: center;\">La tecnolog\u00eda nos conecta, pero nuestra cultura nos impulsa. Dise\u00f1amos un entorno donde la colaboraci\u00f3n t\u00e9cnica y la creatividad fluyen sin barreras, permitiendo que cada idea encuentre el respaldo necesario para convertirse en una soluci\u00f3n real.<\/h4>\n<p>[\/et_pb_text][\/et_pb_column_inner][\/et_pb_row_inner][et_pb_row_inner _builder_version=\u00bb4.15.1&#8243; _module_preset=\u00bbdefault\u00bb global_colors_info=\u00bb{}\u00bb][et_pb_column_inner saved_specialty_column_type=\u00bb2_3&#8243; _builder_version=\u00bb4.15.1&#8243; _module_preset=\u00bbdefault\u00bb global_colors_info=\u00bb{}\u00bb][et_pb_image src=\u00bbhttp:\/\/somosfamilygroup.com\/wp-content\/uploads\/2026\/03\/20260211_183145-scaled.jpg\u00bb title_text=\u00bb20260211_183145&#8243; _builder_version=\u00bb4.15.1&#8243; _module_preset=\u00bbdefault\u00bb global_colors_info=\u00bb{}\u00bb][\/et_pb_image][\/et_pb_column_inner][\/et_pb_row_inner][\/et_pb_column][et_pb_column type=\u00bb1_3&#8243; _builder_version=\u00bb4.15&#8243; custom_padding=\u00bb|||\u00bb global_colors_info=\u00bb{}\u00bb custom_padding__hover=\u00bb|||\u00bb][et_pb_video _builder_version=\u00bb4.15.1&#8243; _module_preset=\u00bbdefault\u00bb title_text=\u00bbVideo puntual family 02&#8243; src_webm=\u00bbhttp:\/\/somosfamilygroup.com\/wp-content\/uploads\/2026\/04\/Video-puntual-family-02.mp4&#8243; hover_enabled=\u00bb0&#8243; sticky_enabled=\u00bb0&#8243;][\/et_pb_video][\/et_pb_column][\/et_pb_section][et_pb_section fb_built=\u00bb1&#8243; fullwidth=\u00bbon\u00bb _builder_version=\u00bb4.15.1&#8243; _module_preset=\u00bbdefault\u00bb global_colors_info=\u00bb{}\u00bb][et_pb_fullwidth_image src=\u00bbhttp:\/\/somosfamilygroup.com\/wp-content\/uploads\/2026\/03\/12.png\u00bb title_text=\u00bb12&#8243; _builder_version=\u00bb4.15.1&#8243; _module_preset=\u00bbdefault\u00bb global_colors_info=\u00bb{}\u00bb][\/et_pb_fullwidth_image][\/et_pb_section][et_pb_section fb_built=\u00bb1&#8243; _builder_version=\u00bb4.15.1&#8243; _module_preset=\u00bbdefault\u00bb custom_padding=\u00bb27px|||||\u00bb animation_style=\u00bbfade\u00bb global_colors_info=\u00bb{}\u00bb][et_pb_row column_structure=\u00bb1_2,1_2&#8243; _builder_version=\u00bb4.15.1&#8243; _module_preset=\u00bbdefault\u00bb global_colors_info=\u00bb{}\u00bb][et_pb_column type=\u00bb1_2&#8243; _builder_version=\u00bb4.15.1&#8243; _module_preset=\u00bbdefault\u00bb global_colors_info=\u00bb{}\u00bb][et_pb_image src=\u00bbhttp:\/\/somosfamilygroup.com\/wp-content\/uploads\/2026\/03\/20251030_124902-scaled.jpg\u00bb title_text=\u00bb20251030_124902&#8243; _builder_version=\u00bb4.15.1&#8243; _module_preset=\u00bbdefault\u00bb global_colors_info=\u00bb{}\u00bb][\/et_pb_image][\/et_pb_column][et_pb_column type=\u00bb1_2&#8243; _builder_version=\u00bb4.15.1&#8243; _module_preset=\u00bbdefault\u00bb global_colors_info=\u00bb{}\u00bb][et_pb_divider show_divider=\u00bboff\u00bb disabled_on=\u00bbon|on|off\u00bb _builder_version=\u00bb4.15.1&#8243; _module_preset=\u00bbdefault\u00bb custom_margin=\u00bb183px||||false|false\u00bb global_colors_info=\u00bb{}\u00bb][\/et_pb_divider][et_pb_text _builder_version=\u00bb4.15.1&#8243; _module_preset=\u00bbdefault\u00bb header_font=\u00bbRoboto|900|||||||\u00bb header_text_color=\u00bb#1e375e\u00bb header_font_size=\u00bb48px\u00bb header_3_font=\u00bbRoboto|300|||||||\u00bb header_4_font=\u00bbRoboto|500|||||||\u00bb header_4_font_size=\u00bb24px\u00bb header_4_line_height=\u00bb1.4em\u00bb custom_margin=\u00bb||18px|||\u00bb global_colors_info=\u00bb{}\u00bb]<\/p>\n<h1 style=\"text-align: center;\">Unidos por el prop\u00f3sito, fortalecidos por nuestra cultura.<\/h1>\n<h4 style=\"text-align: center;\">La verdadera innovaci\u00f3n nace de una convivencia sana. En Family Group, cultivamos un clima de colaboraci\u00f3n y respeto que impulsa nuestro \u00e9xito colectivo.<\/h4>\n<p>[\/et_pb_text][\/et_pb_column][\/et_pb_row][\/et_pb_section][et_pb_section fb_built=\u00bb1&#8243; fullwidth=\u00bbon\u00bb _builder_version=\u00bb4.15.1&#8243; _module_preset=\u00bbdefault\u00bb global_colors_info=\u00bb{}\u00bb][et_pb_fullwidth_image src=\u00bbhttp:\/\/somosfamilygroup.com\/wp-content\/uploads\/2026\/03\/10.png\u00bb title_text=\u00bb10&#8243; _builder_version=\u00bb4.15.1&#8243; _module_preset=\u00bbdefault\u00bb global_colors_info=\u00bb{}\u00bb][\/et_pb_fullwidth_image][\/et_pb_section][et_pb_section fb_built=\u00bb1&#8243; _builder_version=\u00bb4.15.1&#8243; _module_preset=\u00bbdefault\u00bb custom_padding=\u00bb27px|||||\u00bb animation_style=\u00bbfade\u00bb global_colors_info=\u00bb{}\u00bb][et_pb_row column_structure=\u00bb1_2,1_2&#8243; _builder_version=\u00bb4.15.1&#8243; _module_preset=\u00bbdefault\u00bb global_colors_info=\u00bb{}\u00bb][et_pb_column type=\u00bb1_2&#8243; _builder_version=\u00bb4.15.1&#8243; _module_preset=\u00bbdefault\u00bb global_colors_info=\u00bb{}\u00bb][et_pb_divider show_divider=\u00bboff\u00bb _builder_version=\u00bb4.15.1&#8243; _module_preset=\u00bbdefault\u00bb custom_margin=\u00bb244px||||false|false\u00bb global_colors_info=\u00bb{}\u00bb][\/et_pb_divider][et_pb_text _builder_version=\u00bb4.15.1&#8243; _module_preset=\u00bbdefault\u00bb header_font=\u00bbRoboto|900|||||||\u00bb header_text_color=\u00bb#1e375e\u00bb header_font_size=\u00bb48px\u00bb header_3_font=\u00bbRoboto|300|||||||\u00bb header_4_font=\u00bbRoboto|500|||||||\u00bb header_4_font_size=\u00bb24px\u00bb header_4_line_height=\u00bb1.4em\u00bb custom_margin=\u00bb||18px|||\u00bb global_colors_info=\u00bb{}\u00bb]<\/p>\n<h1 style=\"text-align: center;\">En Family Group, t\u00fa eres nuestra prioridad.<\/h1>\n<h4 style=\"text-align: center;\">Entendemos que detr\u00e1s de cada gran profesional hay una persona con sue\u00f1os y metas. Por eso, cultivamos un entorno que protege tu bienestar, fomenta tu equilibrio y te acompa\u00f1a en cada paso de tu camino.<\/h4>\n<p>[\/et_pb_text][\/et_pb_column][et_pb_column type=\u00bb1_2&#8243; _builder_version=\u00bb4.15.1&#8243; _module_preset=\u00bbdefault\u00bb global_colors_info=\u00bb{}\u00bb][et_pb_video src=\u00bbhttp:\/\/somosfamilygroup.com\/wp-content\/uploads\/2026\/03\/VID-20251010-WA0212.mp4&#8243; _builder_version=\u00bb4.15.1&#8243; _module_preset=\u00bbdefault\u00bb global_colors_info=\u00bb{}\u00bb][\/et_pb_video][\/et_pb_column][\/et_pb_row][\/et_pb_section]<\/p>\n","protected":false},"excerpt":{"rendered":"<p>M\u00e1s que un equipo, somos Family Group. Nuestra fuerza no reside solo en lo que hacemos, sino en c\u00f3mo convivimos. Construimos un entorno de confianza y apoyo mutuo donde cada talento se siente en casa.M\u00e1s que un Equipo, una familia No solo compartimos proyectos, compartimos metas y experiencias. En nuestra empresa, la convivencia va m\u00e1s [&hellip;]<\/p>\n","protected":false},"author":1,"featured_media":0,"parent":0,"menu_order":0,"comment_status":"closed","ping_status":"closed","template":"","meta":{"_et_pb_use_builder":"on","_et_pb_old_content":"","_et_gb_content_width":"","_monsterinsights_skip_tracking":false,"_monsterinsights_sitenote_active":false,"_monsterinsights_sitenote_note":"","_monsterinsights_sitenote_category":0,"footnotes":""},"aioseo_notices":[],"_links":{"self":[{"href":"https:\/\/somosfamilygroup.com\/index.php?rest_route=\/wp\/v2\/pages\/1732"}],"collection":[{"href":"https:\/\/somosfamilygroup.com\/index.php?rest_route=\/wp\/v2\/pages"}],"about":[{"href":"https:\/\/somosfamilygroup.com\/index.php?rest_route=\/wp\/v2\/types\/page"}],"author":[{"embeddable":true,"href":"https:\/\/somosfamilygroup.com\/index.php?rest_route=\/wp\/v2\/users\/1"}],"replies":[{"embeddable":true,"href":"https:\/\/somosfamilygroup.com\/index.php?rest_route=%2Fwp%2Fv2%2Fcomments&post=1732"}],"version-history":[{"count":10,"href":"https:\/\/somosfamilygroup.com\/index.php?rest_route=\/wp\/v2\/pages\/1732\/revisions"}],"predecessor-version":[{"id":1775,"href":"https:\/\/somosfamilygroup.com\/index.php?rest_route=\/wp\/v2\/pages\/1732\/revisions\/1775"}],"wp:attachment":[{"href":"https:\/\/somosfamilygroup.com\/index.php?rest_route=%2Fwp%2Fv2%2Fmedia&parent=1732"}],"curies":[{"name":"wp","href":"https:\/\/api.w.org\/{rel}","templated":true}]}}